{"id":4508,"date":"2025-07-03T00:15:43","date_gmt":"2025-07-02T23:15:43","guid":{"rendered":"https:\/\/staging.hbv.pt\/?post_type=product&#038;p=4508"},"modified":"2025-07-11T12:47:26","modified_gmt":"2025-07-11T11:47:26","slug":"herdade-barranco-do-vale-rose-castelao-reserva-2023","status":"publish","type":"product","link":"https:\/\/staging.hbv.pt\/en\/herdade-barranco-do-vale-rose-castelao-reserva-2023\/","title":{"rendered":"HERDADE BARRANCO DO VALE ROS\u00c9 CASTEL\u00c3O RESERVA 2023"},"content":{"rendered":"<p><b>WINEMAKING TECHNOLOGY: <\/b>Vindima manual para caixas de 12 kg de modo a preservar toda a qualidade das uvas. Prensagem muito suave para n\u00e3o promover macera\u00e7\u00e3o pelicular. Decanta\u00e7\u00e3o est\u00e1tica a 5\u00aaC durante 48h. Vinifica\u00e7\u00e3o a temperatura controlada de 12\u00baC durante 3 semanas a que se seguiu um est\u00e1gio de 12 meses sobre as borras finas para maior untuosidade e complexidade. Est\u00e1gio de 6 meses em garrafa.<\/p>\n<p><b>ANALYSES:<\/b><\/p>\n<table style=\"width: 100%; border: 1px solid white; border-spacing: 0px;\">\n<tbody>\n<tr>\n<td style=\"width: 40%; border: 1px solid white;\">ALCOHOL CONTENT:<\/td>\n<td style=\"width: 60%; border: 1px solid white;\">13%<\/td>\n<\/tr>\n<tr>\n<td style=\"width: 40%; border: 1px solid white;\">TOTAL ACIDITY:<\/td>\n<td style=\"width: 60%; border: 1px solid white;\">5,63 g\/L<\/td>\n<\/tr>\n<tr>\n<td style=\"width: 40%; border: 1px solid white; font-weight: bold;\">VOLATILE ACIDITY:<\/td>\n<td style=\"width: 60%; border: 1px solid white;\">0,26 g\/L<\/td>\n<\/tr>\n<tr>\n<td style=\"width: 40%; border: 1px solid white; font-weight: bold;\">RESIDUAL SUGAR:<\/td>\n<td style=\"width: 60%; border: 1px solid white;\">0,6 g\/L<\/td>\n<\/tr>\n<tr>\n<td style=\"width: 40%; border: 1px solid white; font-weight: bold;\">pH:<\/td>\n<td style=\"width: 60%; border: 1px solid white;\">3,32<\/td>\n<\/tr>\n<tr>\n<td style=\"border: 1px solid white;\"><\/td>\n<\/tr>\n<\/tbody>\n<\/table>\n<p>BOTTLE: 750ml<\/p>\n<p><b>PRESERVATION: <\/b>The bottles must be protected from sunlight without being shaken or vibrated, in a completely or partially horizontal position, with the wine in contact with the cork, in a cool place (between 9 and 12\u00baC) and without being shaken or vibrated.<\/p>\n<p><b>CONSUMPTION:<\/b> It should be served at 8-10\u00baC.<\/p>\n<p><b>RECOMMENDATIONS:<\/b> Acompanha bem saladas, marisco, carnes grelhadas ou simplesmente como aperitivo.<\/p>","protected":false},"excerpt":{"rendered":"<p><b>CHARACTERISTICS:<\/b><\/p>\n<p><b>IGP:<\/b>\u00a0 Protected Geographical Indication<br \/>\n<b>YEAR:\u00a0 <\/b>2023<br \/>\n<b>TYPE: <\/b>Rose Wine<br \/>\n<b>GRAPE VARIETY: <\/b>Castel\u00e3o<br \/>\n<b>REGION:<\/b> Algarve (Algarve regional wine)<br \/>\n<b>SOILS: <\/b>Sandy Clay and Schist<br \/>\n<b>TASTE NOTE: <\/b><br \/>\n<b>COLOR:<\/b> Pale pink coloured wine.<\/p>\n<p>Monocasta de Castel\u00e3o, proveniente de vinhas com mais de 20 anos.<br \/>\nMuito fresco, notas de groselha, morango e alguma esteva Vinho complexo, de acidez vibrante e refrescante.<\/p>\n<p><a href=\"https:\/\/staging.hbv.pt\/wp-content\/uploads\/2025\/07\/Rose-Castelao-23-PT.pdf\" target=\"_blank\" rel=\"noopener\"><button>Technical data<\/button><\/a><\/p>","protected":false},"featured_media":4509,"template":"","meta":[],"product_brand":[],"product_cat":[43],"product_tag":[357,35],"class_list":{"0":"post-4508","1":"product","2":"type-product","3":"status-publish","4":"has-post-thumbnail","6":"product_cat-vinho-rose","7":"product_tag-357","8":"product_tag-castelao","10":"first","11":"instock","12":"taxable","13":"shipping-taxable","14":"purchasable","15":"product-type-simple"},"_links":{"self":[{"href":"https:\/\/staging.hbv.pt\/en\/wp-json\/wp\/v2\/product\/4508","targetHints":{"allow":["GET"]}}],"collection":[{"href":"https:\/\/staging.hbv.pt\/en\/wp-json\/wp\/v2\/product"}],"about":[{"href":"https:\/\/staging.hbv.pt\/en\/wp-json\/wp\/v2\/types\/product"}],"version-history":[{"count":2,"href":"https:\/\/staging.hbv.pt\/en\/wp-json\/wp\/v2\/product\/4508\/revisions"}],"predecessor-version":[{"id":4551,"href":"https:\/\/staging.hbv.pt\/en\/wp-json\/wp\/v2\/product\/4508\/revisions\/4551"}],"wp:featuredmedia":[{"embeddable":true,"href":"https:\/\/staging.hbv.pt\/en\/wp-json\/wp\/v2\/media\/4509"}],"wp:attachment":[{"href":"https:\/\/staging.hbv.pt\/en\/wp-json\/wp\/v2\/media?parent=4508"}],"wp:term":[{"taxonomy":"product_brand","embeddable":true,"href":"https:\/\/staging.hbv.pt\/en\/wp-json\/wp\/v2\/product_brand?post=4508"},{"taxonomy":"product_cat","embeddable":true,"href":"https:\/\/staging.hbv.pt\/en\/wp-json\/wp\/v2\/product_cat?post=4508"},{"taxonomy":"product_tag","embeddable":true,"href":"https:\/\/staging.hbv.pt\/en\/wp-json\/wp\/v2\/product_tag?post=4508"}],"curies":[{"name":"wp","href":"https:\/\/api.w.org\/{rel}","templated":true}]}}