{"id":4481,"date":"2025-05-23T09:31:49","date_gmt":"2025-05-23T08:31:49","guid":{"rendered":"https:\/\/staging.hbv.pt\/?post_type=product&#038;p=4481"},"modified":"2025-07-26T20:38:37","modified_gmt":"2025-07-26T19:38:37","slug":"herdade-barranco-do-vale-blend-branco-reserva-2023","status":"publish","type":"product","link":"https:\/\/staging.hbv.pt\/en\/herdade-barranco-do-vale-blend-branco-reserva-2023\/","title":{"rendered":"HERDADE BARRANCO DO VALE BLEND BRANCO RESERVA 2023"},"content":{"rendered":"<p><b>WINEMAKING TECHNOLOGY: <\/b>Vindima manual para caixas de 12 kg de modo a preservar toda a qualidade das uvas. Vinifica\u00e7\u00e3o a temperatura controlada durante 15 dias a que se seguiu um est\u00e1gio de 12 meses sobre as borras finas para maior untuosidade e complexidade.<br \/>\nEst\u00e1gio de 6 meses em garrafa.<\/p>\n<p><b>ANALYSES:<\/b><\/p>\n<table style=\"width: 100%; border: 1px solid white; border-spacing: 0px;\">\n<tbody>\n<tr>\n<td style=\"width: 40%; border: 1px solid white;\">ALCOHOL CONTENT:<\/td>\n<td style=\"width: 60%; border: 1px solid white;\">13%<\/td>\n<\/tr>\n<tr>\n<td style=\"width: 40%; border: 1px solid white;\">TOTAL ACIDITY:<\/td>\n<td style=\"width: 60%; border: 1px solid white;\">6,33 g\/L<\/td>\n<\/tr>\n<tr>\n<td style=\"width: 40%; border: 1px solid white; font-weight: bold;\">VOLATILE ACIDITY:<\/td>\n<td style=\"width: 60%; border: 1px solid white;\">0,2 g\/L<\/td>\n<\/tr>\n<tr>\n<td style=\"width: 40%; border: 1px solid white; font-weight: bold;\">RESIDUAL SUGAR:<\/td>\n<td style=\"width: 60%; border: 1px solid white;\">0,7 g\/L<\/td>\n<\/tr>\n<tr>\n<td style=\"width: 40%; border: 1px solid white; font-weight: bold;\">pH:<\/td>\n<td style=\"width: 60%; border: 1px solid white;\">3,18<\/td>\n<\/tr>\n<tr>\n<td style=\"border: 1px solid white;\"><\/td>\n<\/tr>\n<\/tbody>\n<\/table>\n<p>BOTTLE: 750ml<\/p>\n<p><b>PRESERVATION: <\/b>The bottles must be protected from sunlight without being shaken or vibrated, in a completely or partially horizontal position, with the wine in contact with the cork, in a cool place (between 10 and 15\u00baC) and without being shaken or vibrated.<\/p>\n<p><b>CONSUMPTION:<\/b> It should be served at 11-13\u00baC.<\/p>\n<p><b>RECOMMENDATIONS:<\/b> It goes well with seafood, salads, grilled fish and Italian cuisine.<\/p>","protected":false},"excerpt":{"rendered":"<p><b>CHARACTERISTICS:<\/b><\/p>\n<p><b>IGP:<\/b>\u00a0 Protected Geographical Indication<br \/>\n<b>YEAR:\u00a0 <\/b>2023<br \/>\n<b>TYPE: <\/b>White Wine<br \/>\n<b>GRAPE VARIETY:<\/b> Ant\u00e3o Vaz, Arinto e Alvarinho<br \/>\n<b>REGION:<\/b> Algarve (Algarve regional wine)<br \/>\n<b>SOILS: <\/b>Sandy Clay and Schist<br \/>\n<b>TASTE NOTE: <\/b><br \/>\n<b>COLOR:<\/b> Citrus-coloured wine.<\/p>\n<p>Das castas Ant\u00e3o Vaz, Arinto e Alvarinho nasce este vinho. Tropical com notas c\u00edtricas e de fruta branca. Boa mineralidade e nuances florais. Paladar vincado por uma excelente acidez natural conferida pelo Arinto, resultando num vinho muito elegante e vibrante.<\/p>\n<p><a href=\"https:\/\/staging.hbv.pt\/wp-content\/uploads\/2025\/07\/BB-23-PT.pdf\" target=\"_blank\" rel=\"noopener\"><button>Technical data<\/button><\/a><\/p>","protected":false},"featured_media":4537,"template":"","meta":[],"product_brand":[],"product_cat":[36],"product_tag":[357,39,37,38,34,187],"class_list":{"0":"post-4481","1":"product","2":"type-product","3":"status-publish","4":"has-post-thumbnail","6":"product_cat-vinho-branco","7":"product_tag-357","8":"product_tag-alvarinho","9":"product_tag-antao-vaz","10":"product_tag-arinto","11":"product_tag-blend","12":"product_tag-premiado","14":"first","15":"instock","16":"featured","17":"taxable","18":"shipping-taxable","19":"purchasable","20":"product-type-simple"},"_links":{"self":[{"href":"https:\/\/staging.hbv.pt\/en\/wp-json\/wp\/v2\/product\/4481","targetHints":{"allow":["GET"]}}],"collection":[{"href":"https:\/\/staging.hbv.pt\/en\/wp-json\/wp\/v2\/product"}],"about":[{"href":"https:\/\/staging.hbv.pt\/en\/wp-json\/wp\/v2\/types\/product"}],"version-history":[{"count":2,"href":"https:\/\/staging.hbv.pt\/en\/wp-json\/wp\/v2\/product\/4481\/revisions"}],"predecessor-version":[{"id":4538,"href":"https:\/\/staging.hbv.pt\/en\/wp-json\/wp\/v2\/product\/4481\/revisions\/4538"}],"wp:featuredmedia":[{"embeddable":true,"href":"https:\/\/staging.hbv.pt\/en\/wp-json\/wp\/v2\/media\/4537"}],"wp:attachment":[{"href":"https:\/\/staging.hbv.pt\/en\/wp-json\/wp\/v2\/media?parent=4481"}],"wp:term":[{"taxonomy":"product_brand","embeddable":true,"href":"https:\/\/staging.hbv.pt\/en\/wp-json\/wp\/v2\/product_brand?post=4481"},{"taxonomy":"product_cat","embeddable":true,"href":"https:\/\/staging.hbv.pt\/en\/wp-json\/wp\/v2\/product_cat?post=4481"},{"taxonomy":"product_tag","embeddable":true,"href":"https:\/\/staging.hbv.pt\/en\/wp-json\/wp\/v2\/product_tag?post=4481"}],"curies":[{"name":"wp","href":"https:\/\/api.w.org\/{rel}","templated":true}]}}