{"id":4256,"date":"2024-08-08T16:20:35","date_gmt":"2024-08-08T15:20:35","guid":{"rendered":"https:\/\/staging.hbv.pt\/?post_type=product&#038;p=4256"},"modified":"2025-07-11T12:34:03","modified_gmt":"2025-07-11T11:34:03","slug":"herdade-barranco-do-vale-castelao-reserva-2021","status":"publish","type":"product","link":"https:\/\/staging.hbv.pt\/en\/herdade-barranco-do-vale-castelao-reserva-2021\/","title":{"rendered":"HERDADE BARRANCO DO VALE CASTEL\u00c3O RESERVE 2021"},"content":{"rendered":"<p><b>TECNOLOGIA DE VINIFICA\u00c7\u00c3O: V<\/b>indima manual para caixas de 12 kg de modo a preservar toda a qualidade das uvas<br \/>\nAged for 12 months before bottling.<\/p>\n<p><b>ANALYSES:<\/b><\/p>\n<table style=\"width: 100%; border: 1px solid white; border-spacing: 0px;\">\n<tbody>\n<tr>\n<td style=\"width: 40%; border: 1px solid white;\">ALCOHOL CONTENT:<\/td>\n<td style=\"width: 60%; border: 1px solid white;\">13%<\/td>\n<\/tr>\n<tr>\n<td style=\"width: 40%; border: 1px solid white;\">TOTAL ACIDITY:<\/td>\n<td style=\"width: 60%; border: 1px solid white;\">5,45 g\/L<\/td>\n<\/tr>\n<tr>\n<td style=\"width: 40%; border: 1px solid white; font-weight: bold;\">VOLATILE ACIDITY:<\/td>\n<td style=\"width: 60%; border: 1px solid white;\">0,63 g\/L<\/td>\n<\/tr>\n<tr>\n<td style=\"width: 40%; border: 1px solid white; font-weight: bold;\">RESIDUAL SUGAR:<\/td>\n<td style=\"width: 60%; border: 1px solid white;\">0,6 g\/L<\/td>\n<\/tr>\n<tr>\n<td style=\"width: 40%; border: 1px solid white; font-weight: bold;\">pH:<\/td>\n<td style=\"width: 60%; border: 1px solid white;\">3,76<\/td>\n<\/tr>\n<tr>\n<td style=\"border: 1px solid white;\"><\/td>\n<\/tr>\n<\/tbody>\n<\/table>\n<p>BOTTLE: 750ml<\/p>\n<p><b>PRESERVATION: <\/b>The bottles must be protected from sunlight without being shaken or vibrated, in a completely or partially horizontal position, with the wine in contact with the cork, in a cool place (between 10 and 15\u00baC) and without being shaken or vibrated.<\/p>\n<p><b>CONSUMPTION:<\/b> It should be served at 16-18\u00baC.<\/p>\n<p><b>RECOMMENDATIONS:<\/b> It goes well with white meats and Italian cuisine.<\/p>","protected":false},"excerpt":{"rendered":"<p><b>CHARACTERISTICS:<\/b><\/p>\n<p><b>IGP:<\/b>\u00a0 Protected Geographical Indication<br \/>\n<b>YEAR:\u00a0 <\/b>2021<br \/>\n<b>TYPE: <\/b>Red Wine<br \/>\n<b>GRAPE VARIETY: <\/b>Castel\u00e3o<br \/>\n<b>REGION:<\/b> Algarve (Algarve regional wine)<br \/>\n<b>SOILS: <\/b>Sandy Clay and Schist<br \/>\n<b>TASTE NOTE: <\/b><br \/>\n<b>COLOR:<\/b> Intense ruby red colour.<\/p>\n<p>Monocasta de Castel\u00e3o, proveniente de vinhas com mais de 20 anos apresenta cor vermelha rubi intensa. Aroma mentolado, com notas florais de esteva, hybiscus e fruta preta. Vinho fresco, jovial, muito vers\u00e1til com uma acidez vincada que lhe confere uma grande personalidade.<\/p>\n<p><!--This is a comment. --><br \/>\n<a href=\"https:\/\/staging.hbv.pt\/wp-content\/uploads\/2025\/07\/Castelao-21-PT.pdf\" target=\"_blank\" rel=\"noopener\"><button>Technical data<\/button><\/a><\/p>","protected":false},"featured_media":4257,"template":"","meta":[],"product_brand":[],"product_cat":[31],"product_tag":[301,35],"class_list":{"0":"post-4256","1":"product","2":"type-product","3":"status-publish","4":"has-post-thumbnail","6":"product_cat-vinho-tinto","7":"product_tag-301","8":"product_tag-castelao","10":"first","11":"instock","12":"taxable","13":"shipping-taxable","14":"purchasable","15":"product-type-simple"},"_links":{"self":[{"href":"https:\/\/staging.hbv.pt\/en\/wp-json\/wp\/v2\/product\/4256","targetHints":{"allow":["GET"]}}],"collection":[{"href":"https:\/\/staging.hbv.pt\/en\/wp-json\/wp\/v2\/product"}],"about":[{"href":"https:\/\/staging.hbv.pt\/en\/wp-json\/wp\/v2\/types\/product"}],"version-history":[{"count":2,"href":"https:\/\/staging.hbv.pt\/en\/wp-json\/wp\/v2\/product\/4256\/revisions"}],"predecessor-version":[{"id":4547,"href":"https:\/\/staging.hbv.pt\/en\/wp-json\/wp\/v2\/product\/4256\/revisions\/4547"}],"wp:featuredmedia":[{"embeddable":true,"href":"https:\/\/staging.hbv.pt\/en\/wp-json\/wp\/v2\/media\/4257"}],"wp:attachment":[{"href":"https:\/\/staging.hbv.pt\/en\/wp-json\/wp\/v2\/media?parent=4256"}],"wp:term":[{"taxonomy":"product_brand","embeddable":true,"href":"https:\/\/staging.hbv.pt\/en\/wp-json\/wp\/v2\/product_brand?post=4256"},{"taxonomy":"product_cat","embeddable":true,"href":"https:\/\/staging.hbv.pt\/en\/wp-json\/wp\/v2\/product_cat?post=4256"},{"taxonomy":"product_tag","embeddable":true,"href":"https:\/\/staging.hbv.pt\/en\/wp-json\/wp\/v2\/product_tag?post=4256"}],"curies":[{"name":"wp","href":"https:\/\/api.w.org\/{rel}","templated":true}]}}