{"id":3,"date":"2021-02-04T16:38:24","date_gmt":"2021-02-04T16:38:24","guid":{"rendered":"https:\/\/staging.hbv.pt\/?page_id=3"},"modified":"2026-04-26T19:45:42","modified_gmt":"2026-04-26T18:45:42","slug":"politica-privacidade","status":"publish","type":"page","link":"https:\/\/staging.hbv.pt\/en\/politica-privacidade\/","title":{"rendered":"Privacy policy"},"content":{"rendered":"<div data-elementor-type=\"wp-page\" data-elementor-id=\"3\" class=\"elementor elementor-3\" data-elementor-post-type=\"page\">\n\t\t\t\t\t\t<section class=\"elementor-section elementor-top-section elementor-element elementor-element-628ebfc1 elementor-section-boxed elementor-section-height-default elementor-section-height-default\" data-id=\"628ebfc1\" data-element_type=\"section\" data-e-type=\"section\">\n\t\t\t\t\t\t<div class=\"elementor-container elementor-column-gap-default\">\n\t\t\t\t\t<div class=\"elementor-column elementor-col-100 elementor-top-column elementor-element elementor-element-7568719c\" data-id=\"7568719c\" data-element_type=\"column\" data-e-type=\"column\">\n\t\t\t<div class=\"elementor-widget-wrap elementor-element-populated\">\n\t\t\t\t\t\t<div class=\"elementor-element elementor-element-ddf8506 elementor-widget elementor-widget-heading\" data-id=\"ddf8506\" data-element_type=\"widget\" data-e-type=\"widget\" data-widget_type=\"heading.default\">\n\t\t\t\t\t<h2 class=\"elementor-heading-title elementor-size-default\">Pol\u00edtica de Privacidade<\/h2>\t\t\t\t<\/div>\n\t\t\t\t<div class=\"elementor-element elementor-element-5719e66 elementor-widget elementor-widget-text-editor\" data-id=\"5719e66\" data-element_type=\"widget\" data-e-type=\"widget\" data-widget_type=\"text-editor.default\">\n\t\t\t\t\t\t\t\t\t<p>Ao aceder e utilizar este site, o utilizador aceita os termos da presente Pol\u00edtica de Privacidade e concorda expressamente com o processamento das respetivas informa\u00e7\u00f5es pessoais, conforme esta pol\u00edtica de privacidade.<\/p><p>A Herdade Barranco do Vale respeita integralmente o direito \u00e0 privacidade dos seus utilizadores, raz\u00e3o pela qual, por princ\u00edpio, n\u00e3o captura nem utiliza informa\u00e7\u00e3o de navega\u00e7\u00e3o associada \u00e0 identifica\u00e7\u00e3o dos seus visitantes.<\/p><p>A informa\u00e7\u00e3o voluntariamente fornecida pelo utilizador, ao preencher os formul\u00e1rios existentes no portal \u00e9 para informa\u00e7\u00e3o exclusiva da Herdade Barranco do Vale.<\/p><p>Os dados fornecidos pelos clientes poder\u00e3o ser editados ou eliminados a qualquer momento. Este pedido dever\u00e1 ser efetuado atrav\u00e9s do contacto por email para geral@hbv.pt<\/p><p>A Herdade Barranco do Vale, n\u00e3o divulgar\u00e1 os dados recolhidos a terceiros sem o pr\u00e9vio consentimento do seu titular. Esta informa\u00e7\u00e3o poder\u00e1 apenas ser utilizada para o envio por correio eletr\u00f3nico de newsletters informativas sobre o pr\u00f3prio.<\/p><p>A Herdade Barranco do Vale reserva-se o direito de poder alterar a presente pol\u00edtica de privacidade no futuro.<\/p><p>Para o esclarecimento de qualquer d\u00favida ou informa\u00e7\u00f5es adicionais, por favor entre em contacto com a Herdade Barranco do Vale atrav\u00e9s do email geral@hbv.pt.<\/p>\t\t\t\t\t\t\t\t<\/div>\n\t\t\t\t\t<\/div>\n\t\t<\/div>\n\t\t\t\t\t<\/div>\n\t\t<\/section>\n\t\t\t\t<\/div>","protected":false},"excerpt":{"rendered":"<p>Pol\u00edtica de Privacidade Ao aceder e utilizar este site, o utilizador aceita os termos da presente Pol\u00edtica de Privacidade e concorda expressamente com o processamento das respetivas informa\u00e7\u00f5es pessoais, conforme esta pol\u00edtica de privacidade. A Herdade Barranco do Vale respeita integralmente o direito \u00e0 privacidade dos seus utilizadores, raz\u00e3o pela qual, por princ\u00edpio, n\u00e3o captura [&hellip;]<\/p>\n","protected":false},"author":1,"featured_media":0,"parent":0,"menu_order":0,"comment_status":"closed","ping_status":"closed","template":"","meta":{"footnotes":""},"class_list":["post-3","page","type-page","status-publish","hentry"],"_links":{"self":[{"href":"https:\/\/staging.hbv.pt\/en\/wp-json\/wp\/v2\/pages\/3","targetHints":{"allow":["GET"]}}],"collection":[{"href":"https:\/\/staging.hbv.pt\/en\/wp-json\/wp\/v2\/pages"}],"about":[{"href":"https:\/\/staging.hbv.pt\/en\/wp-json\/wp\/v2\/types\/page"}],"author":[{"embeddable":true,"href":"https:\/\/staging.hbv.pt\/en\/wp-json\/wp\/v2\/users\/1"}],"replies":[{"embeddable":true,"href":"https:\/\/staging.hbv.pt\/en\/wp-json\/wp\/v2\/comments?post=3"}],"version-history":[{"count":7,"href":"https:\/\/staging.hbv.pt\/en\/wp-json\/wp\/v2\/pages\/3\/revisions"}],"predecessor-version":[{"id":4895,"href":"https:\/\/staging.hbv.pt\/en\/wp-json\/wp\/v2\/pages\/3\/revisions\/4895"}],"wp:attachment":[{"href":"https:\/\/staging.hbv.pt\/en\/wp-json\/wp\/v2\/media?parent=3"}],"curies":[{"name":"wp","href":"https:\/\/api.w.org\/{rel}","templated":true}]}}